{"id":89,"date":"2016-10-24T09:10:36","date_gmt":"2016-10-24T09:10:36","guid":{"rendered":"http:\/\/demo.okis.hu\/?page_id=89"},"modified":"2016-11-14T10:16:35","modified_gmt":"2016-11-14T10:16:35","slug":"tarsashazak","status":"publish","type":"page","link":"https:\/\/demo.okis.hu\/?page_id=89","title":{"rendered":"T\u00e1rsash\u00e1zak"},"content":{"rendered":"<p>Az adatok el\u00e9r\u00e9s\u00e9hez k\u00e9rem v\u00e1lasszon t\u00e1rsash\u00e1z k\u00f6z\u00f6ss\u00e9get!<\/p>\n<div id=\"myForms\"><span class=\"data\"><select name=\"tarsashaz\" onchange=\"document.location.href = this.value;\"><option value=\"\">V\u00e1lasszon t\u00e1rsash\u00e1zat!<\/option><option value=\"tarsashazak\/aprilis8\">\u00c1prilis utca 08-09-10<\/option><option value=\"\">B\u00e1nki Don\u00e1t utca 01-03-05<\/option><option value=\"\">B\u00e1nki Don\u00e1t utca 49-51<\/option><option value=\"\">B\u00e1nki Don\u00e1t utca 57-59<\/option><option value=\"\">B\u00e1nki Don\u00e1t utca 61-65<\/option><\/select><\/span><\/div>\n","protected":false},"excerpt":{"rendered":"<p>Az adatok el\u00e9r\u00e9s\u00e9hez k\u00e9rem v\u00e1lasszon t\u00e1rsash\u00e1z k\u00f6z\u00f6ss\u00e9get! V\u00e1lasszon t\u00e1rsash\u00e1zat!\u00c1prilis utca 08-09-10B\u00e1nki Don\u00e1t utca 01-03-05B\u00e1nki Don\u00e1t utca 49-51B\u00e1nki Don\u00e1t utca 57-59B\u00e1nki Don\u00e1t utca 61-65<\/p>\n","protected":false},"author":1,"featured_media":0,"parent":0,"menu_order":80,"comment_status":"closed","ping_status":"closed","template":"","meta":{"footnotes":""},"class_list":["post-89","page","type-page","status-publish","hentry"],"_links":{"self":[{"href":"https:\/\/demo.okis.hu\/index.php?rest_route=\/wp\/v2\/pages\/89","targetHints":{"allow":["GET"]}}],"collection":[{"href":"https:\/\/demo.okis.hu\/index.php?rest_route=\/wp\/v2\/pages"}],"about":[{"href":"https:\/\/demo.okis.hu\/index.php?rest_route=\/wp\/v2\/types\/page"}],"author":[{"embeddable":true,"href":"https:\/\/demo.okis.hu\/index.php?rest_route=\/wp\/v2\/users\/1"}],"replies":[{"embeddable":true,"href":"https:\/\/demo.okis.hu\/index.php?rest_route=%2Fwp%2Fv2%2Fcomments&post=89"}],"version-history":[{"count":10,"href":"https:\/\/demo.okis.hu\/index.php?rest_route=\/wp\/v2\/pages\/89\/revisions"}],"predecessor-version":[{"id":99,"href":"https:\/\/demo.okis.hu\/index.php?rest_route=\/wp\/v2\/pages\/89\/revisions\/99"}],"wp:attachment":[{"href":"https:\/\/demo.okis.hu\/index.php?rest_route=%2Fwp%2Fv2%2Fmedia&parent=89"}],"curies":[{"name":"wp","href":"https:\/\/api.w.org\/{rel}","templated":true}]}}