{"id":68,"date":"2016-10-19T14:01:02","date_gmt":"2016-10-19T14:01:02","guid":{"rendered":"http:\/\/demo.okis.hu\/?page_id=68"},"modified":"2016-10-24T09:44:19","modified_gmt":"2016-10-24T09:44:19","slug":"hibabejelentes","status":"publish","type":"page","link":"https:\/\/demo.okis.hu\/?page_id=68","title":{"rendered":"Hibabejelent\u00e9s"},"content":{"rendered":"<div id=\"myForms\">\n<form action=\"\/cgiemail.php\" method=\"post\">\n<span class=\"title\">N\u00e9v:<\/span><span class=\"data\"><input type=\"text\" name=\"nev\" size=\"50\" \/><\/span><br \/>\n<span class=\"title\">Lakc\u00edm:<\/span><span class=\"data\"><input type=\"text\" name=\"lakcim\" size=\"50\" \/><\/span><br \/>\n<span class=\"title\">E-mail:<\/span><span class=\"data\"><input type=\"text\" name=\"email\" size=\"50\" \/><\/span><br \/>\n<span class=\"title\">Telefon:<\/span><span class=\"data\"><input type=\"text\" name=\"telefon\" size=\"50\" \/><\/span><br \/>\n<span class=\"title\">S\u00fcrg\u0151ss\u00e9g:<\/span><span class=\"data\"><select name=\"fontos\"><option value=\"\">K\u00e9rj\u00fck v\u00e1lasszon!<\/option><option>Azonnali (\u00e9let\/vagyon vesz\u00e9ly)<\/option><option>S\u00fcrg\u0151s<\/option><option>Int\u00e9zend\u0151<\/option><\/select><\/span><br \/>\n<span class=\"title\">Hibasz\u00f6veg:<\/span><span class=\"data\"><textarea name=\"szoveg\" rows=\"5\" cols=\"60\"><\/textarea><\/span><br \/>\n<span class=\"title\">&nbsp;<\/span><span class=\"data\"><input type=\"submit\" value=\" K\u00fcld\u00e9s \" \/>&nbsp;<input type=\"reset\" value=\" T\u00f6rl\u00e9s \" \/><\/span><br \/>\n<input type=\"hidden\" name=\"form\" value=\"hibajelentes.txt\"><br \/>\n<input type=\"hidden\" name=\"success\" value=\"\/?page_id=74\"><br \/>\n<\/form>\n<\/div>\n","protected":false},"excerpt":{"rendered":"<p>N\u00e9v: Lakc\u00edm: E-mail: Telefon: S\u00fcrg\u0151ss\u00e9g:K\u00e9rj\u00fck v\u00e1lasszon!Azonnali (\u00e9let\/vagyon vesz\u00e9ly)S\u00fcrg\u0151sInt\u00e9zend\u0151 Hibasz\u00f6veg: &nbsp;&nbsp;<\/p>\n","protected":false},"author":1,"featured_media":0,"parent":0,"menu_order":60,"comment_status":"closed","ping_status":"closed","template":"","meta":{"footnotes":""},"class_list":["post-68","page","type-page","status-publish","hentry"],"_links":{"self":[{"href":"https:\/\/demo.okis.hu\/index.php?rest_route=\/wp\/v2\/pages\/68","targetHints":{"allow":["GET"]}}],"collection":[{"href":"https:\/\/demo.okis.hu\/index.php?rest_route=\/wp\/v2\/pages"}],"about":[{"href":"https:\/\/demo.okis.hu\/index.php?rest_route=\/wp\/v2\/types\/page"}],"author":[{"embeddable":true,"href":"https:\/\/demo.okis.hu\/index.php?rest_route=\/wp\/v2\/users\/1"}],"replies":[{"embeddable":true,"href":"https:\/\/demo.okis.hu\/index.php?rest_route=%2Fwp%2Fv2%2Fcomments&post=68"}],"version-history":[{"count":9,"href":"https:\/\/demo.okis.hu\/index.php?rest_route=\/wp\/v2\/pages\/68\/revisions"}],"predecessor-version":[{"id":86,"href":"https:\/\/demo.okis.hu\/index.php?rest_route=\/wp\/v2\/pages\/68\/revisions\/86"}],"wp:attachment":[{"href":"https:\/\/demo.okis.hu\/index.php?rest_route=%2Fwp%2Fv2%2Fmedia&parent=68"}],"curies":[{"name":"wp","href":"https:\/\/api.w.org\/{rel}","templated":true}]}}