{"id":62,"date":"2016-10-05T15:28:26","date_gmt":"2016-10-05T15:28:26","guid":{"rendered":"http:\/\/demo.okis.hu\/?page_id=62"},"modified":"2016-11-14T11:15:55","modified_gmt":"2016-11-14T11:15:55","slug":"elerhetoseg","status":"publish","type":"page","link":"https:\/\/demo.okis.hu\/?page_id=62","title":{"rendered":"El\u00e9rhet\u0151s\u00e9g"},"content":{"rendered":"<p><strong>AzorCOMP Plusz Bt.<\/strong><\/p>\n<table>\n<tr>\n<td>Levelez\u00e9si c\u00edm:<\/td>\n<td>2842 Oroszl\u00e1ny, Postafi\u00f3k 5.<\/td>\n<\/tr>\n<tr>\n<td>Telephely:<\/td>\n<td>2840 Oroszl\u00e1ny, T\u00e1ncsics Mih\u00e1ly \u00fat 59.<\/td>\n<\/tr>\n<tr>\n<td>Sz\u00e9khely:<\/td>\n<td><span style=\"color: #666;\">2840 Oroszl\u00e1ny, B\u00e1nki Don\u00e1t utca 14.<\/span><\/td>\n<\/tr>\n<tr>\n<td>Telefon:<\/td>\n<td>+36 (34) 362-324 (\u00fczenetr\u00f6gz\u00edt\u0151)<\/td>\n<\/tr>\n<tr>\n<td>E-Mail:<\/td>\n<td>tarsashaz@oroszlany.com<\/td>\n<\/tr>\n<tr>\n<td>E-Mail:<\/td>\n<td>info@azorcomp.hu<\/td>\n<\/tr>\n<tr>\n<td>Internet:<\/td>\n<td>http:\/\/www.azorcomp.hu<\/td>\n<\/tr>\n<tr>\n<td>Internet:<\/td>\n<td>http:\/\/tarsashaz.oroszlany.com<\/td>\n<\/tr>\n<tr>\n<td>GPS:<\/td>\n<td>47.4793762 &#8211; 18.3181299<\/td>\n<\/tr>\n<\/table>\n<p><iframe loading=\"lazy\" src=\"https:\/\/www.google.com\/maps\/embed?pb=!1m14!1m8!1m3!1d5239.307605034894!2d18.314344740792883!3d47.48181854117093!3m2!1i1024!2i768!4f13.1!3m3!1m2!1s0x0%3A0xd0624588b2fe096!2sAzorCOMP+Plusz+Bt!5e0!3m2!1shu!2shu!4v1479121747215\" width=\"640\" height=\"350\" frameborder=\"0\" style=\"border:0\" allowfullscreen><\/iframe><\/p>\n<p><iframe loading=\"lazy\" src=\"https:\/\/www.google.com\/maps\/embed?pb=!1m0!3m2!1shu!2shu!4v1479121662505!6m8!1m7!1sVmxj_WpeH98lRwHkwDqovg!2m2!1d47.4794908106336!2d18.31788504261692!3f193.07392577934354!4f-1.666544757413135!5f0.4005947972532815\" width=\"640\" height=\"350\" frameborder=\"0\" style=\"border:0\" allowfullscreen><\/iframe><\/p>\n","protected":false},"excerpt":{"rendered":"<p>AzorCOMP Plusz Bt. Levelez\u00e9si c\u00edm: 2842 Oroszl\u00e1ny, Postafi\u00f3k 5. Telephely: 2840 Oroszl\u00e1ny, T\u00e1ncsics Mih\u00e1ly \u00fat 59. Sz\u00e9khely: 2840 Oroszl\u00e1ny, B\u00e1nki Don\u00e1t utca 14. Telefon: +36 (34) 362-324 (\u00fczenetr\u00f6gz\u00edt\u0151) E-Mail: tarsashaz@oroszlany.com E-Mail: info@azorcomp.hu Internet: http:\/\/www.azorcomp.hu Internet: http:\/\/tarsashaz.oroszlany.com GPS: 47.4793762 &#8211; 18.3181299<\/p>\n","protected":false},"author":1,"featured_media":0,"parent":0,"menu_order":70,"comment_status":"closed","ping_status":"closed","template":"","meta":{"footnotes":""},"class_list":["post-62","page","type-page","status-publish","hentry"],"_links":{"self":[{"href":"https:\/\/demo.okis.hu\/index.php?rest_route=\/wp\/v2\/pages\/62","targetHints":{"allow":["GET"]}}],"collection":[{"href":"https:\/\/demo.okis.hu\/index.php?rest_route=\/wp\/v2\/pages"}],"about":[{"href":"https:\/\/demo.okis.hu\/index.php?rest_route=\/wp\/v2\/types\/page"}],"author":[{"embeddable":true,"href":"https:\/\/demo.okis.hu\/index.php?rest_route=\/wp\/v2\/users\/1"}],"replies":[{"embeddable":true,"href":"https:\/\/demo.okis.hu\/index.php?rest_route=%2Fwp%2Fv2%2Fcomments&post=62"}],"version-history":[{"count":18,"href":"https:\/\/demo.okis.hu\/index.php?rest_route=\/wp\/v2\/pages\/62\/revisions"}],"predecessor-version":[{"id":201,"href":"https:\/\/demo.okis.hu\/index.php?rest_route=\/wp\/v2\/pages\/62\/revisions\/201"}],"wp:attachment":[{"href":"https:\/\/demo.okis.hu\/index.php?rest_route=%2Fwp%2Fv2%2Fmedia&parent=62"}],"curies":[{"name":"wp","href":"https:\/\/api.w.org\/{rel}","templated":true}]}}