{"id":60,"date":"2016-10-05T15:20:59","date_gmt":"2016-10-05T15:20:59","guid":{"rendered":"http:\/\/demo.okis.hu\/?page_id=60"},"modified":"2017-01-13T13:24:25","modified_gmt":"2017-01-13T13:24:25","slug":"ajanlatkeres","status":"publish","type":"page","link":"https:\/\/demo.okis.hu\/?page_id=60","title":{"rendered":"Aj\u00e1nlatk\u00e9r\u00e9s"},"content":{"rendered":"<div id=\"myForms\">\n<form action=\"\/cgiemail.php\" method=\"post\">\n<span class=\"title\">N\u00e9v:<\/span><span class=\"data\"><input name=\"nev\" size=\"50\" type=\"text\" \/><\/span><br \/>\n<span class=\"title\">T\u00e1rsash\u00e1z c\u00edme:<\/span><span class=\"data\"><input name=\"thcim\" size=\"50\" type=\"text\" \/><\/span><br \/>\n<span class=\"title\">E-mail:<\/span><span class=\"data\"><input name=\"email\" size=\"50\" type=\"text\" \/><\/span><br \/>\n<span class=\"title\">Telefon:<\/span><span class=\"data\"><input name=\"telefon\" size=\"50\" type=\"text\" \/><\/span><br \/>\n<span class=\"title\">Lak\u00e1sok sz\u00e1ma:<\/span><span class=\"data\"><input name=\"betetek\" size=\"10\" type=\"text\" \/><\/span><br \/>\n<span class=\"title\">\u00c9p\u00edt\u00e9s \u00e9ve:<\/span><span class=\"data\"><input name=\"letesites\" size=\"10\" type=\"text\" \/><\/span><br \/>\n<span class=\"title\">Komfort fokozat:<\/span><span class=\"data\"><select name=\"komfort\"><option value=\"\">K\u00e9rj\u00fck v\u00e1lasszon!<\/option><option>Komfortos<\/option><option>\u00d6sszkomfortos<\/option><\/select><\/span><br \/>\n<span class=\"title\">Megjegyz\u00e9s:<\/span><span class=\"data\"><textarea cols=\"60\" name=\"megjegyzes\" rows=\"5\"><\/textarea><\/span><br \/>\n<span class=\"title\">&nbsp;<\/span><span class=\"data\"><input type=\"submit\" value=\" Aj\u00e1nlatk\u00e9r\u00e9s \" \/> <input type=\"reset\" value=\" T\u00f6rl\u00e9s \" \/><\/span><br \/>\n<input name=\"form\" type=\"hidden\" value=\"ajanlatkeres.txt\" \/><br \/>\n<input name=\"success\" type=\"hidden\" value=\"\/?page_id=74\" \/><br \/>\n<\/form>\n<\/div>\n<div style=\"clear:both;\">\n<br \/>Tov\u00e1bbi k\u00e9rd\u00e9sekkel forduljon hozz\u00e1nk bizalommal!<\/p>\n<table>\n<tr>\n<td>C\u00edm<\/td>\n<td>2840 Oroszl\u00e1ny, T\u00e1ncsics Mih\u00e1ly \u00fat 59. F\/5.<\/td>\n<\/tr>\n<tr>\n<td>Telefon<\/td>\n<td>+36 (34) 362-324<\/td>\n<\/tr>\n<tr>\n<td>E-mail<\/td>\n<td>tarsashaz@oroszlany.com<\/td>\n<\/tr>\n<\/table>\n<\/div>\n<div><a href=\"\/tarsashazak\">T\u00e1rsash\u00e1zaink<\/a> el\u00e9r\u00e9se<\/div>\n","protected":false},"excerpt":{"rendered":"<p>N\u00e9v: T\u00e1rsash\u00e1z c\u00edme: E-mail: Telefon: Lak\u00e1sok sz\u00e1ma: \u00c9p\u00edt\u00e9s \u00e9ve: Komfort fokozat:K\u00e9rj\u00fck v\u00e1lasszon!Komfortos\u00d6sszkomfortos Megjegyz\u00e9s: &nbsp; Tov\u00e1bbi k\u00e9rd\u00e9sekkel forduljon hozz\u00e1nk bizalommal! C\u00edm 2840 Oroszl\u00e1ny, T\u00e1ncsics Mih\u00e1ly \u00fat 59. F\/5. Telefon +36 (34) 362-324 E-mail tarsashaz@oroszlany.com T\u00e1rsash\u00e1zaink el\u00e9r\u00e9se<\/p>\n","protected":false},"author":1,"featured_media":0,"parent":0,"menu_order":90,"comment_status":"closed","ping_status":"closed","template":"","meta":{"footnotes":""},"class_list":["post-60","page","type-page","status-publish","hentry"],"_links":{"self":[{"href":"https:\/\/demo.okis.hu\/index.php?rest_route=\/wp\/v2\/pages\/60","targetHints":{"allow":["GET"]}}],"collection":[{"href":"https:\/\/demo.okis.hu\/index.php?rest_route=\/wp\/v2\/pages"}],"about":[{"href":"https:\/\/demo.okis.hu\/index.php?rest_route=\/wp\/v2\/types\/page"}],"author":[{"embeddable":true,"href":"https:\/\/demo.okis.hu\/index.php?rest_route=\/wp\/v2\/users\/1"}],"replies":[{"embeddable":true,"href":"https:\/\/demo.okis.hu\/index.php?rest_route=%2Fwp%2Fv2%2Fcomments&post=60"}],"version-history":[{"count":15,"href":"https:\/\/demo.okis.hu\/index.php?rest_route=\/wp\/v2\/pages\/60\/revisions"}],"predecessor-version":[{"id":215,"href":"https:\/\/demo.okis.hu\/index.php?rest_route=\/wp\/v2\/pages\/60\/revisions\/215"}],"wp:attachment":[{"href":"https:\/\/demo.okis.hu\/index.php?rest_route=%2Fwp%2Fv2%2Fmedia&parent=60"}],"curies":[{"name":"wp","href":"https:\/\/api.w.org\/{rel}","templated":true}]}}