{"id":179,"date":"2016-11-02T10:59:58","date_gmt":"2016-11-02T10:59:58","guid":{"rendered":"http:\/\/demo.okis.hu\/?page_id=179"},"modified":"2016-11-02T11:01:21","modified_gmt":"2016-11-02T11:01:21","slug":"miert-mi","status":"publish","type":"page","link":"https:\/\/demo.okis.hu\/?page_id=179","title":{"rendered":"Mi\u00e9rt mi?"},"content":{"rendered":"<p>Egy k\u00f6z\u00f6ss\u00e9g \u00e9let\u00e9ben fontos \u00e9s bizalmi k\u00e9rd\u00e9s a k\u00f6z\u00f6s-k\u00e9pvisel\u0151, illetve a t\u00e1rsash\u00e1z-kezel\u0151 kiv\u00e1laszt\u00e1sa. Sok esetben sz\u00e1jr\u00f3l-sz\u00e1jra, egy\u00e9ni szimp\u00e1ti\u00e1k alapj\u00e1n ker\u00fcl megkeres\u00e9sre a &#8222;megfelel\u0151&#8221; jel\u00f6lt, vagy v\u00e1llalkoz\u00e1s. Annak \u00e9rdek\u00e9ben, hogy a szem\u00e9lyes szempontokon t\u00fal szakmai \u00e9rvek is megjelenhessenek a d\u00f6nt\u00e9si folyamatban, \u00f6sszefoglaltuk, hogy megl\u00e1t\u00e1sunk szerint mi\u00e9rt javasoln\u00e1nk \u00d6nmagunkat egy ilyen megtisztel\u0151 feladat v\u00e9grehajt\u00e1s\u00e1ra.<\/p>\n<p><span style=\"color: #fc0;\">Azaz Mi mi\u00e9rt v\u00e1lasztan\u00e1nk \u00d6nmagunkat!?<\/span><\/p>\n<ul>\n<li>mert munkat\u00e1rsaink magasan kvalifik\u00e1lt gazdas\u00e1gi, m\u0171szaki, kommunik\u00e1ci\u00f3s ismeretekkel rendelkez\u0151 szakemberek, akik sokr\u00e9t\u0171 termel\u00e9ssel, gazd\u00e1lkod\u00e1ssal \u00e9s \u00fcgyvitellel kapcsolatos tapasztalatokkal rendelkeznek;<\/li>\n<li>mert t\u00e1rsas v\u00e1llalkoz\u00e1sunk m\u0171k\u00f6d\u00e9se nem f\u00fcgg egy\u00e9nekt\u0151l, \u00edgy hossz\u00fa t\u00e1von \u00e9s biztons\u00e1gosan tudjuk garant\u00e1lni az \u00fcgyfeleink sz\u00e1m\u00e1ra fontos szolg\u00e1ltat\u00e1sokat;<\/li>\n<li>mert t\u00f6bb mint 20 \u00e9ves v\u00e1llalkoz\u00f3i gyakorlattal rendelkez\u00fcnk, amelyb\u0151l t\u00f6bb mint 5 \u00e9ve foglalkozunk t\u00e1rsash\u00e1zak kezel\u00e9s\u00e9vel \u00e9s \u00fczemeltet\u00e9s\u00e9vel;<\/li>\n<li>mert kell\u0151 j\u00e1rtass\u00e1ggal rendelkez\u00fcnk a hat\u00f3s\u00e1gok, a hivatalok, a p\u00e9nz\u00fcgyi \u00e9s biztos\u00edt\u00e1si szolg\u00e1ltat\u00f3k, a k\u00f6zm\u0171szolg\u00e1ltat\u00f3k, a k\u00f6zigazgat\u00e1si, valamint \u00e9rdek-k\u00e9pviseleti szervek ir\u00e1ny\u00e1ba t\u00f6rt\u00e9n\u0151 hivatalos \u00fcgyek int\u00e9z\u00e9se ter\u00fclet\u00e9n;<\/li>\n<li>mert \u00fcgyf\u00e9lk\u00f6r\u00fcnkben a legkisebb (6 albet\u00e9t) t\u00e1rsash\u00e1zakt\u00f3l a legnagyobb (108) t\u00e1rsash\u00e1zakig minden megtal\u00e1lhat\u00f3, az alacsony komfortfokozatt\u00f3l a t\u00e1vf\u0171t\u00e9ses \u00e9s melegv\u00edz-szolg\u00e1ltat\u00e1sos \u00e9p\u00fcletekig;<\/li>\n<li>mert a komoly szakmai felk\u00e9sz\u00fclts\u00e9ggel rendelkez\u0151 helyi \u00e9s kist\u00e9rs\u00e9gi (villany-, v\u00edz- g\u00e1z- \u00e9s f\u0171t\u00e9s szerel\u0151k, lakatosok, b\u00e1dogosok, k\u0151m\u0171vesek, szobafest\u0151k, burkol\u00f3k, stb.) iparosokkal j\u00f3 viszonyt \u00e1polunk, akik minden lak\u00f3k \u00e1ltal is visszaigazolt munk\u00e1jukr\u00f3l, k\u00f6vethet\u0151 m\u00f3don sz\u00e1ml\u00e1t \u00e1ll\u00edtanak ki a r\u00e9szletes ellen\u0151rizhet\u0151s\u00e9g, valamint az esetleges garancia \u00e9rv\u00e9nyes\u00edthet\u0151s\u00e9g \u00e9rdek\u00e9ben;<\/li>\n<li>mert kiemelked\u0151 gyakorlattal rendelkez\u00fcnk a h\u00e1tral\u00e9kok kezel\u00e9s\u00e9nek ter\u00fclet\u00e9n az\u00e1ltal, hogy kidolgozott hat\u00e9kony m\u00f3dszer\u00fcnk van a tartoz\u00e1sok jelent\u0151s cs\u00f6kkent\u00e9s\u00e9re, illetve felsz\u00e1mol\u00e1s\u00e1ra;<\/li>\n<li>mert online kapcsolatban vagyunk a fizet\u00e9si meghagy\u00e1sokat (FMH) \u00e9s v\u00e9grehajt\u00e1sokat menedzsel\u0151 (VIEKR) hazai elektronikus rendszerrel, amely hat\u00e9kony megold\u00e1st biztos\u00edt a nem fizet\u0151 tulajdonosok kezel\u00e9s\u00e9ben;<\/li>\n<li>mert a t\u00e1rsash\u00e1zak tulajdonosaival kialak\u00edtott szakmai egy\u00fcttm\u0171k\u00f6d\u00e9s\u00fcnk minden r\u00e9szlet\u00e9ben k\u00f6vethet\u0151, a k\u00f6z\u00f6ss\u00e9gek megb\u00edzott illet\u00e9kesei ig\u00e9ny szerint heti, vagy havi szinten ellen\u0151rizhetik a k\u00f6z\u00f6ss\u00e9g elsz\u00e1mol\u00e1sait;<\/li>\n<li>mert a fejleszt\u00e9sekre \u00e9s nagyobb \u00f6sszeg\u0171 karbantart\u00e1sokra kialak\u00edtott aj\u00e1nlatk\u00e9r\u00e9si \u00e9s kivitelez\u0151 kiv\u00e1laszt\u00e1si rendszer\u00fcnk minden r\u00e9szlete nyilv\u00e1nos, ami a k\u00f6z\u00f6ss\u00e9gek megb\u00edzott illet\u00e9keseivel k\u00f6z\u00f6sen v\u00e9gzett folyamattal ker\u00fcl lez\u00e1r\u00e1sra \u00e9s k\u00f6zgy\u0171l\u00e9si d\u00f6nt\u00e9sel\u0151k\u00e9sz\u00edt\u00e9sre;<\/li>\n<li>mert az \u00e1ltalunk kezelt t\u00e1rsash\u00e1z-k\u00f6z\u00f6ss\u00e9gek iratait rendszerezve, t\u00f6bb \u00e9vre visszamen\u0151leg elk\u00fcl\u00f6n\u00edtetten t\u00e1roljuk, \u00edgy b\u00e1rmilyen anyag szinte azonnal el\u0151vehet\u0151, amelyr\u0151l k\u00e9r\u00e9sre m\u00e1solat k\u00e9sz\u00edthet\u0151;<\/li>\n<li>mert 10.000.000 Ft felel\u0151ss\u00e9gbiztos\u00edt\u00e1ssal rendelkez\u00fcnk a Gener\u00e1li biztos\u00edt\u00f3n\u00e1l;<\/li>\n<li>mert v\u00e1llalkoz\u00e1sunk komoly informatikai t\u00e1mogatotts\u00e1ggal \u00e9s m\u0171szaki h\u00e1tt\u00e9rrel rendelkezik, amelyek seg\u00edts\u00e9g\u00e9vel a nap 24 \u00f3r\u00e1j\u00e1ban el\u00e9rhet benn\u00fcnket valamilyen form\u00e1ban;<\/li>\n<li>mert kommunik\u00e1ci\u00f3s fel\u00fcleteink (Internet) fejleszt\u00e9s\u00e9vel egyre t\u00f6bb szolg\u00e1ltat\u00e1sunkat m\u00e1r otthon\u00e1b\u00f3l, k\u00e9nyelmesen is el\u00e9rheti, illetve \u00fcgyeinek nagy r\u00e9sz\u00e9t ebben a form\u00e1ban is rendezheti.<\/li>\n<p>El\u0151re is k\u00f6sz\u00f6nj\u00fck megkeres\u00e9s\u00e9t, b\u00edzva j\u00f6v\u0151beni egy\u00fcttm\u0171k\u00f6d\u00e9s\u00fcnkben, tisztelettel:<\/p>\n<p>az AzorCOMP Plusz Bt.<br \/>\nmunkat\u00e1rsai<\/p>\n","protected":false},"excerpt":{"rendered":"<p>Egy k\u00f6z\u00f6ss\u00e9g \u00e9let\u00e9ben fontos \u00e9s bizalmi k\u00e9rd\u00e9s a k\u00f6z\u00f6s-k\u00e9pvisel\u0151, illetve a t\u00e1rsash\u00e1z-kezel\u0151 kiv\u00e1laszt\u00e1sa. Sok esetben sz\u00e1jr\u00f3l-sz\u00e1jra, egy\u00e9ni szimp\u00e1ti\u00e1k alapj\u00e1n ker\u00fcl megkeres\u00e9sre a &#8222;megfelel\u0151&#8221; jel\u00f6lt, vagy v\u00e1llalkoz\u00e1s. Annak \u00e9rdek\u00e9ben, hogy a szem\u00e9lyes szempontokon t\u00fal szakmai \u00e9rvek is megjelenhessenek a d\u00f6nt\u00e9si folyamatban, &hellip; <a href=\"https:\/\/demo.okis.hu\/?page_id=179\">Egy kattint\u00e1s ide a folytat\u00e1shoz&#8230;. <span class=\"meta-nav\">&rarr;<\/span><\/a><\/p>\n","protected":false},"author":1,"featured_media":0,"parent":0,"menu_order":99,"comment_status":"closed","ping_status":"closed","template":"","meta":{"footnotes":""},"class_list":["post-179","page","type-page","status-publish","hentry"],"_links":{"self":[{"href":"https:\/\/demo.okis.hu\/index.php?rest_route=\/wp\/v2\/pages\/179","targetHints":{"allow":["GET"]}}],"collection":[{"href":"https:\/\/demo.okis.hu\/index.php?rest_route=\/wp\/v2\/pages"}],"about":[{"href":"https:\/\/demo.okis.hu\/index.php?rest_route=\/wp\/v2\/types\/page"}],"author":[{"embeddable":true,"href":"https:\/\/demo.okis.hu\/index.php?rest_route=\/wp\/v2\/users\/1"}],"replies":[{"embeddable":true,"href":"https:\/\/demo.okis.hu\/index.php?rest_route=%2Fwp%2Fv2%2Fcomments&post=179"}],"version-history":[{"count":3,"href":"https:\/\/demo.okis.hu\/index.php?rest_route=\/wp\/v2\/pages\/179\/revisions"}],"predecessor-version":[{"id":182,"href":"https:\/\/demo.okis.hu\/index.php?rest_route=\/wp\/v2\/pages\/179\/revisions\/182"}],"wp:attachment":[{"href":"https:\/\/demo.okis.hu\/index.php?rest_route=%2Fwp%2Fv2%2Fmedia&parent=179"}],"curies":[{"name":"wp","href":"https:\/\/api.w.org\/{rel}","templated":true}]}}