{"id":159,"date":"2016-10-26T11:26:34","date_gmt":"2016-10-26T11:26:34","guid":{"rendered":"http:\/\/demo.okis.hu\/?page_id=159"},"modified":"2016-10-26T11:26:34","modified_gmt":"2016-10-26T11:26:34","slug":"problemak-kezelese","status":"publish","type":"page","link":"https:\/\/demo.okis.hu\/?page_id=159","title":{"rendered":"Probl\u00e9m\u00e1k kezel\u00e9se"},"content":{"rendered":"<p><span style=\"color: #fc0;\"><strong>Tudnival\u00f3k a lak\u00e1sban keletkez\u0151 probl\u00e9m\u00e1k kezel\u00e9s\u00e9r\u0151l<\/strong><\/span><\/p>\n<p><span style=\"color: #fc0;\"><strong>Tudnival\u00f3k a k\u00f6z\u00f6s tulajdonban keletkez\u0151 probl\u00e9m\u00e1k kezel\u00e9s\u00e9r\u0151l<\/strong><\/span><\/p>\n","protected":false},"excerpt":{"rendered":"<p>Tudnival\u00f3k a lak\u00e1sban keletkez\u0151 probl\u00e9m\u00e1k kezel\u00e9s\u00e9r\u0151l Tudnival\u00f3k a k\u00f6z\u00f6s tulajdonban keletkez\u0151 probl\u00e9m\u00e1k kezel\u00e9s\u00e9r\u0151l<\/p>\n","protected":false},"author":1,"featured_media":0,"parent":136,"menu_order":70,"comment_status":"closed","ping_status":"closed","template":"","meta":{"footnotes":""},"class_list":["post-159","page","type-page","status-publish","hentry"],"_links":{"self":[{"href":"https:\/\/demo.okis.hu\/index.php?rest_route=\/wp\/v2\/pages\/159","targetHints":{"allow":["GET"]}}],"collection":[{"href":"https:\/\/demo.okis.hu\/index.php?rest_route=\/wp\/v2\/pages"}],"about":[{"href":"https:\/\/demo.okis.hu\/index.php?rest_route=\/wp\/v2\/types\/page"}],"author":[{"embeddable":true,"href":"https:\/\/demo.okis.hu\/index.php?rest_route=\/wp\/v2\/users\/1"}],"replies":[{"embeddable":true,"href":"https:\/\/demo.okis.hu\/index.php?rest_route=%2Fwp%2Fv2%2Fcomments&post=159"}],"version-history":[{"count":1,"href":"https:\/\/demo.okis.hu\/index.php?rest_route=\/wp\/v2\/pages\/159\/revisions"}],"predecessor-version":[{"id":160,"href":"https:\/\/demo.okis.hu\/index.php?rest_route=\/wp\/v2\/pages\/159\/revisions\/160"}],"up":[{"embeddable":true,"href":"https:\/\/demo.okis.hu\/index.php?rest_route=\/wp\/v2\/pages\/136"}],"wp:attachment":[{"href":"https:\/\/demo.okis.hu\/index.php?rest_route=%2Fwp%2Fv2%2Fmedia&parent=159"}],"curies":[{"name":"wp","href":"https:\/\/api.w.org\/{rel}","templated":true}]}}