{"id":156,"date":"2016-10-26T11:24:48","date_gmt":"2016-10-26T11:24:48","guid":{"rendered":"http:\/\/demo.okis.hu\/?page_id=156"},"modified":"2016-10-26T11:24:48","modified_gmt":"2016-10-26T11:24:48","slug":"karesemenyek","status":"publish","type":"page","link":"https:\/\/demo.okis.hu\/?page_id=156","title":{"rendered":"K\u00e1resem\u00e9nyek"},"content":{"rendered":"<p><span style=\"color: #fc0;\"><strong>Tudnival\u00f3k a k\u00e1resem\u00e9nyek kezel\u00e9s\u00e9r\u0151l<\/strong><\/span><\/p>\n","protected":false},"excerpt":{"rendered":"<p>Tudnival\u00f3k a k\u00e1resem\u00e9nyek kezel\u00e9s\u00e9r\u0151l<\/p>\n","protected":false},"author":1,"featured_media":0,"parent":136,"menu_order":60,"comment_status":"closed","ping_status":"closed","template":"","meta":{"footnotes":""},"class_list":["post-156","page","type-page","status-publish","hentry"],"_links":{"self":[{"href":"https:\/\/demo.okis.hu\/index.php?rest_route=\/wp\/v2\/pages\/156","targetHints":{"allow":["GET"]}}],"collection":[{"href":"https:\/\/demo.okis.hu\/index.php?rest_route=\/wp\/v2\/pages"}],"about":[{"href":"https:\/\/demo.okis.hu\/index.php?rest_route=\/wp\/v2\/types\/page"}],"author":[{"embeddable":true,"href":"https:\/\/demo.okis.hu\/index.php?rest_route=\/wp\/v2\/users\/1"}],"replies":[{"embeddable":true,"href":"https:\/\/demo.okis.hu\/index.php?rest_route=%2Fwp%2Fv2%2Fcomments&post=156"}],"version-history":[{"count":1,"href":"https:\/\/demo.okis.hu\/index.php?rest_route=\/wp\/v2\/pages\/156\/revisions"}],"predecessor-version":[{"id":157,"href":"https:\/\/demo.okis.hu\/index.php?rest_route=\/wp\/v2\/pages\/156\/revisions\/157"}],"up":[{"embeddable":true,"href":"https:\/\/demo.okis.hu\/index.php?rest_route=\/wp\/v2\/pages\/136"}],"wp:attachment":[{"href":"https:\/\/demo.okis.hu\/index.php?rest_route=%2Fwp%2Fv2%2Fmedia&parent=156"}],"curies":[{"name":"wp","href":"https:\/\/api.w.org\/{rel}","templated":true}]}}