{"id":147,"date":"2016-10-26T11:21:02","date_gmt":"2016-10-26T11:21:02","guid":{"rendered":"http:\/\/demo.okis.hu\/?page_id=147"},"modified":"2016-10-26T11:56:44","modified_gmt":"2016-10-26T11:56:44","slug":"tulajdonosok","status":"publish","type":"page","link":"https:\/\/demo.okis.hu\/?page_id=147","title":{"rendered":"Tulajdonosok"},"content":{"rendered":"<p><span style=\"color: #fc0;\"><strong>Tudnival\u00f3k tulajdonosoknak<\/strong><\/span><\/p>\n<p>K\u00f6z\u00f6s-k\u00f6lts\u00e9g \u00f6sszet\u00e9tele<br \/>\nK\u00f6z\u00f6s-k\u00f6lts\u00e9g megfizet\u00e9se<br \/>\nK\u00f6z\u00f6s-k\u00f6lts\u00e9g tartoz\u00e1s rendez\u00e9se >>><\/p>\n<p>Kaputelefon k\u00f3dj\u00e1nak cser\u00e9je<br \/>\nKaputelefon hiba<br \/>\nKaputelefon csere<br \/>\nK\u00f6z\u00f6s helyis\u00e9gek kulcsai<\/p>\n","protected":false},"excerpt":{"rendered":"<p>Tudnival\u00f3k tulajdonosoknak K\u00f6z\u00f6s-k\u00f6lts\u00e9g \u00f6sszet\u00e9tele K\u00f6z\u00f6s-k\u00f6lts\u00e9g megfizet\u00e9se K\u00f6z\u00f6s-k\u00f6lts\u00e9g tartoz\u00e1s rendez\u00e9se >>> Kaputelefon k\u00f3dj\u00e1nak cser\u00e9je Kaputelefon hiba Kaputelefon csere K\u00f6z\u00f6s helyis\u00e9gek kulcsai<\/p>\n","protected":false},"author":1,"featured_media":0,"parent":136,"menu_order":20,"comment_status":"closed","ping_status":"closed","template":"","meta":{"footnotes":""},"class_list":["post-147","page","type-page","status-publish","hentry"],"_links":{"self":[{"href":"https:\/\/demo.okis.hu\/index.php?rest_route=\/wp\/v2\/pages\/147","targetHints":{"allow":["GET"]}}],"collection":[{"href":"https:\/\/demo.okis.hu\/index.php?rest_route=\/wp\/v2\/pages"}],"about":[{"href":"https:\/\/demo.okis.hu\/index.php?rest_route=\/wp\/v2\/types\/page"}],"author":[{"embeddable":true,"href":"https:\/\/demo.okis.hu\/index.php?rest_route=\/wp\/v2\/users\/1"}],"replies":[{"embeddable":true,"href":"https:\/\/demo.okis.hu\/index.php?rest_route=%2Fwp%2Fv2%2Fcomments&post=147"}],"version-history":[{"count":3,"href":"https:\/\/demo.okis.hu\/index.php?rest_route=\/wp\/v2\/pages\/147\/revisions"}],"predecessor-version":[{"id":168,"href":"https:\/\/demo.okis.hu\/index.php?rest_route=\/wp\/v2\/pages\/147\/revisions\/168"}],"up":[{"embeddable":true,"href":"https:\/\/demo.okis.hu\/index.php?rest_route=\/wp\/v2\/pages\/136"}],"wp:attachment":[{"href":"https:\/\/demo.okis.hu\/index.php?rest_route=%2Fwp%2Fv2%2Fmedia&parent=147"}],"curies":[{"name":"wp","href":"https:\/\/api.w.org\/{rel}","templated":true}]}}