{"id":143,"date":"2016-10-26T11:07:00","date_gmt":"2016-10-26T11:07:00","guid":{"rendered":"http:\/\/demo.okis.hu\/?page_id=143"},"modified":"2016-10-26T12:10:51","modified_gmt":"2016-10-26T12:10:51","slug":"bekikoltozok","status":"publish","type":"page","link":"https:\/\/demo.okis.hu\/?page_id=143","title":{"rendered":"Be\/kik\u00f6lt\u00f6z\u0151k"},"content":{"rendered":"<p><span style=\"color: #fc0;\"><strong>Tudnival\u00f3k bek\u00f6lt\u00f6z\u0151knek<\/strong><\/span><\/p>\n<p><strong>Milyen k\u00f6telez\u0151 feladataim vannak egy t\u00e1rsash\u00e1zba bek\u00f6lt\u00f6z\u00e9s sor\u00e1n?<\/strong><\/p>\n<p style=\"padding-left: 10px; font-size: 0.85em;\"><em><\/em><\/p>\n<p><strong>Hol \u00e9rhetem el a nyilv\u00e1ntart\u00f3 kartont?<\/strong><\/p>\n<p style=\"padding-left: 10px; font-size: 0.85em;\"><em><\/em><\/p>\n<p><strong>Mit \u00e9rdemes tudnom egy lak\u00e1s \u00e1tv\u00e9tele el\u0151tt?<\/strong><\/p>\n<p style=\"padding-left: 10px; font-size: 0.85em;\"><em><\/em><\/p>\n<p><strong>Milyen bejelent\u00e9si k\u00f6telezetts\u00e9geim vannak a k\u00f6z\u00f6s-k\u00e9pvisel\u0151 fel\u00e9?<\/strong><\/p>\n<p style=\"padding-left: 10px; font-size: 0.85em;\"><em><\/em><\/p>\n<p><strong>Milyen bejelent\u00e9si k\u00f6telezetts\u00e9geim vannak a szolg\u00e1ltat\u00f3k fel\u00e9?<\/strong><\/p>\n<p style=\"padding-left: 10px; font-size: 0.85em;\"><em><\/em><\/p>\n<p><strong>Milyen szab\u00e1lyokat kell betartanom egy lak\u00f3k\u00f6z\u00f6ss\u00e9gben?<\/strong><\/p>\n<p style=\"padding-left: 10px; font-size: 0.85em;\"><em><\/em><\/p>\n<p><strong>Hogy juthatok hozz\u00e1 a saj\u00e1t t\u00e1rol\u00f3 kulcs\u00e1hoz?<\/strong><\/p>\n<p style=\"padding-left: 10px; font-size: 0.85em;\"><em><\/em><\/p>\n<p><strong>Honnan tudhatom meg a k\u00f6z\u00f6s-k\u00f6lts\u00e9g \u00f6sszeg\u00e9t?<\/strong><\/p>\n<p style=\"padding-left: 10px; font-size: 0.85em;\"><em><\/em><\/p>\n<p><strong>Hogyan tudok majd k\u00f6z\u00f6s-k\u00f6lts\u00e9get fizetni?<\/strong><\/p>\n<p style=\"padding-left: 10px; font-size: 0.85em;\"><em><\/em><\/p>\n<p><strong>Mit kell tudnom a t\u00e1rsash\u00e1zak biztos\u00edt\u00e1s\u00e1r\u00f3l?<\/strong><\/p>\n<p style=\"padding-left: 10px; font-size: 0.85em;\"><em><\/em><\/p>\n<p><strong>Mit jelent az &#8222;engedm\u00e9nyes nyilatkozat&#8221;?<\/strong><\/p>\n<p style=\"padding-left: 10px; font-size: 0.85em;\"><em><\/em><\/p>\n<p><strong>Hogy tudom cser\u00e9ltetni a n\u00e9vt\u00e1bl\u00e1kat?<\/strong><\/p>\n<p style=\"padding-left: 10px; font-size: 0.85em;\"><em><\/em><\/p>\n<p><strong>Honnan tudhatom meg a kapu bel\u00e9p\u00e9si k\u00f3dj\u00e1t?<\/strong><\/p>\n<p style=\"padding-left: 10px; font-size: 0.85em;\"><em><\/em><\/p>\n<p><span style=\"color: #fc0;\"><strong>Tudnival\u00f3k kik\u00f6lt\u00f6z\u0151knek<\/strong><\/span><\/p>\n<p><strong>Hogy tudom rendezni a tartoz\u00e1somat\/t\u00falfizet\u00e9semet?<\/strong><\/p>\n<p style=\"padding-left: 10px; font-size: 0.85em;\"><em>Miel\u0151tt eladja \u00e9s t\u00e9nylegesen kik\u00f6lt\u00f6zik a lak\u00e1sb\u00f3l \u00e9rdemes t\u00e1j\u00e9koz\u00f3dnia a k\u00f6z\u00f6s-k\u00e9pvisel\u0151n\u00e9l arr\u00f3l, hogy van-e a k\u00f6z\u00f6s-k\u00f6lts\u00e9g fizet\u00e9s\u00e9vel kapcsolatosan valami tov\u00e1bbi teend\u0151.<br \/>\n\u00d6nnek lehet t\u00falfizet\u00e9se, amit ebben az esetben k\u00e9rhet a k\u00f6z\u00f6s-k\u00e9pvisel\u0151t\u0151l. A kifizet\u00e9s t\u00f6rt\u00e9nhet \u00e1tutal\u00e1ssal vagy k\u00e9szp\u00e9nzben. Az ut\u00f3bbi esetben \u00e9rdemes el\u0151re egyeztetni azt az id\u0151pontot amikor a kifizet\u00e9s \u00fcgy\u00e9ben felkeresni sz\u00e1nd\u00e9kozik a k\u00f6z\u00f6s-k\u00e9pvisel\u0151t! Utal\u00e1s eset\u00e9n elegend\u0151, ha ezt telefonon, vagy szem\u00e9lyesen leegyeztetik. \u00c9rdemes ilyenkor az \u00e1tutal\u00e1sban \u00e9rintett banksz\u00e1mla sz\u00e1m\u00e1t is pontos\u00edtani.<br \/>\nAmennyiben \u00d6nnek tartoz\u00e1sa van, akkor azt mindenk\u00e9ppen \u00e9rdemesebb ink\u00e1bb szem\u00e9lyesen egyeztetni m\u00e1r csak az\u00e9rt is, hogy \u00d6n szem\u00e9lyesen tudjon meggy\u0151z\u0151dni arr\u00f3l, hogy milyen t\u00e9telek meg nem fizet\u00e9s\u00e9t tartja nyilv\u00e1n \u00f6nnel szemben a k\u00f6z\u00f6s-k\u00e9pvisel\u0151. Ezt k\u00f6vet\u0151en az is megbesz\u00e9lhet\u0151, hogy az elmarad\u00e1st milyen m\u00f3don fogja rendezni. \u00c9rdemesebb a k\u00e9szp\u00e9nzben t\u00f6rt\u00e9n\u0151 rendez\u00e9st v\u00e1lasztani, mert ha elfelejtkezik az utal\u00e1sr\u00f3l, akkor egy k\u00e9s\u0151bbi fizet\u00e9si meghagy\u00e1s, vagy egy v\u00e9grehajt\u00e1si hat\u00e1rozat \u00e9rv\u00e9nyes\u00edt\u00e9se sor\u00e1n m\u00e1r sokkal k\u00f6lts\u00e9gesebb lesz a t\u00e9nyleges tartoz\u00e1s ak\u00e1r t\u00f6bbsz\u00f6r\u00f6s\u00e9t is kitev\u0151 elj\u00e1r\u00e1si d\u00edj \u00e9s a tartoz\u00e1s egy\u00fcttes megfizet\u00e9se.<\/em><\/p>\n<p><strong>Hogyan tudom leadni a kor\u00e1bban haszn\u00e1lt b\u00e9rlem\u00e9nyt?<\/strong><\/p>\n<p style=\"padding-left: 10px; font-size: 0.85em;\"><em><\/em><\/p>\n<p><strong>Mit kell tudni a pince\/t\u00e1rol\u00f3 \u00e1tad\u00e1s\u00e1r\u00f3l?<\/strong><\/p>\n<p style=\"padding-left: 10px; font-size: 0.85em;\"><em>Minden elk\u00f6lt\u00f6z\u00e9s el\u0151tt a r\u00e9gi tulajdonos k\u00f6telezetts\u00e9ge az \u00e1ltala haszn\u00e1lt pince, vagy t\u00e1rol\u00f3helyis\u00e9g ki\u00fcr\u00edt\u00e9se. Amennyiben err\u0151l nem gondoskodik, a k\u00f6z\u00f6s-k\u00e9pvisel\u0151 int\u00e9zkedik az itt t\u00e1rolt lomok elsz\u00e1ll\u00edt\u00e1s\u00e1r\u00f3l \u00e9s annak k\u00f6lts\u00e9g\u00e9t a r\u00e9gi tulajdonos sz\u00e1m\u00e1ra k\u00f6telezetts\u00e9gk\u00e9nt el\u0151\u00edrja!<br \/>\nA ki\u00fcr\u00edtett helyis\u00e9get az \u00faj tulajdonos sz\u00e1m\u00e1ra c\u00e9lszer\u0171 \u00e1tadni, amit az \u00c1tad\u00e1s-\u00c1tv\u00e9teli Nyilatkozaton \u00e9rdemes r\u00f6gz\u00edteni. Az \u00e1tad\u00e1s-\u00e1tv\u00e9tel alatt a helyis\u00e9g szemrev\u00e9telez\u00e9s\u00e9t, illetve a z\u00e1r\/z\u00e1rak kulcs\u00e1nak\/kulcsainak \u00e1tad\u00e1s\u00e1t \u00e9s \u00e1tv\u00e9tel\u00e9t \u00e9rtj\u00fck. Lehet\u0151s\u00e9g van arra is, hogy a t\u00e1voz\u00f3 tulajdonos a k\u00f6z\u00f6s-k\u00e9pvisel\u0151 sz\u00e1m\u00e1ra adja le a helyis\u00e9g kulcs\u00e1t\/kulcsait, amit azt\u00e1n k\u00e9s\u0151bb a vev\u0151 \u00e1tvehet. Ezt azonban \u00e9rdemes el\u0151re tiszt\u00e1znia a feleknek.<\/em><\/p>\n<p><strong>Mir\u0151l kell\/illik t\u00e1j\u00e9koztatnom az \u00faj tulajdonost?<\/strong><\/p>\n<p style=\"padding-left: 10px; font-size: 0.85em;\"><em><\/em><\/p>\n","protected":false},"excerpt":{"rendered":"<p>Tudnival\u00f3k bek\u00f6lt\u00f6z\u0151knek Milyen k\u00f6telez\u0151 feladataim vannak egy t\u00e1rsash\u00e1zba bek\u00f6lt\u00f6z\u00e9s sor\u00e1n? Hol \u00e9rhetem el a nyilv\u00e1ntart\u00f3 kartont? Mit \u00e9rdemes tudnom egy lak\u00e1s \u00e1tv\u00e9tele el\u0151tt? Milyen bejelent\u00e9si k\u00f6telezetts\u00e9geim vannak a k\u00f6z\u00f6s-k\u00e9pvisel\u0151 fel\u00e9? Milyen bejelent\u00e9si k\u00f6telezetts\u00e9geim vannak a szolg\u00e1ltat\u00f3k fel\u00e9? Milyen szab\u00e1lyokat kell &hellip; <a href=\"https:\/\/demo.okis.hu\/?page_id=143\">Egy kattint\u00e1s ide a folytat\u00e1shoz&#8230;. <span class=\"meta-nav\">&rarr;<\/span><\/a><\/p>\n","protected":false},"author":1,"featured_media":0,"parent":136,"menu_order":10,"comment_status":"closed","ping_status":"closed","template":"","meta":{"footnotes":""},"class_list":["post-143","page","type-page","status-publish","hentry"],"_links":{"self":[{"href":"https:\/\/demo.okis.hu\/index.php?rest_route=\/wp\/v2\/pages\/143","targetHints":{"allow":["GET"]}}],"collection":[{"href":"https:\/\/demo.okis.hu\/index.php?rest_route=\/wp\/v2\/pages"}],"about":[{"href":"https:\/\/demo.okis.hu\/index.php?rest_route=\/wp\/v2\/types\/page"}],"author":[{"embeddable":true,"href":"https:\/\/demo.okis.hu\/index.php?rest_route=\/wp\/v2\/users\/1"}],"replies":[{"embeddable":true,"href":"https:\/\/demo.okis.hu\/index.php?rest_route=%2Fwp%2Fv2%2Fcomments&post=143"}],"version-history":[{"count":15,"href":"https:\/\/demo.okis.hu\/index.php?rest_route=\/wp\/v2\/pages\/143\/revisions"}],"predecessor-version":[{"id":177,"href":"https:\/\/demo.okis.hu\/index.php?rest_route=\/wp\/v2\/pages\/143\/revisions\/177"}],"up":[{"embeddable":true,"href":"https:\/\/demo.okis.hu\/index.php?rest_route=\/wp\/v2\/pages\/136"}],"wp:attachment":[{"href":"https:\/\/demo.okis.hu\/index.php?rest_route=%2Fwp%2Fv2%2Fmedia&parent=143"}],"curies":[{"name":"wp","href":"https:\/\/api.w.org\/{rel}","templated":true}]}}