{"id":136,"date":"2016-10-26T10:44:34","date_gmt":"2016-10-26T10:44:34","guid":{"rendered":"http:\/\/demo.okis.hu\/?page_id=136"},"modified":"2016-10-26T11:34:03","modified_gmt":"2016-10-26T11:34:03","slug":"gy-i-k","status":"publish","type":"page","link":"https:\/\/demo.okis.hu\/?page_id=136","title":{"rendered":"GY.I.K"},"content":{"rendered":"<p>Vagyis a <span style=\"color: #fc0;\">GY<\/span>akran <span style=\"color: #fc0;\">I<\/span>sm\u00e9telt <span style=\"color: #fc0;\">K<\/span>\u00e9rd\u00e9sek, amelyek a tulajdonosok, \u00e9rdekl\u0151d\u0151k ki- \u00e9s bek\u00f6lt\u00f6z\u0151k, esetleg t\u00e1rsash\u00e1z k\u00f6z\u00f6ss\u00e9gekben \u00e9l\u0151k sz\u00e1m\u00e1ra ny\u00fajtanak eligazod\u00e1st a k\u00f6z\u00f6ss\u00e9gek \u00e9let\u00e9vel kapcsolatosan. A k\u00e9rd\u00e9seket \u00e9s v\u00e1laszokat tematikus, azon bel\u00fcl pedig ABC sorrendben \u00e1ll\u00edtottuk \u00f6ssze. Fontos, hogy a napi munka sor\u00e1n felmer\u00fcl\u0151, t\u00f6bbeket is \u00e9rint\u0151 k\u00e9rd\u00e9sekkel folyamatosan b\u0151v\u00edtj\u00fck elektronikus tud\u00e1st\u00e1runkat. \u00cdgy ha probl\u00e9m\u00e1ja van, b\u00e1tran forduljon Online seg\u00edt\u0151 rendszer\u00fcnkh\u00f6z a nap 24 \u00f3r\u00e1j\u00e1ban!<\/p>\n<p><span style=\"color: #fc0;\"><strong>F\u0151bb t\u00e9mak\u00f6r\u00f6k<\/strong><\/span><\/p>\n<p>Be\/kik\u00f6lt\u00f6z\u0151k<br \/>\nTulajdonosok<br \/>\nB\u00e9rbead\u00f3k\/b\u00e9rbevev\u0151k<br \/>\nNESZK b\u00e9rl\u0151k<br \/>\nK\u00f6z\u00f6ss\u00e9gi dokumentumok<br \/>\nK\u00e1resem\u00e9nyek<br \/>\nProbl\u00e9m\u00e1k kezel\u00e9se<br \/>\nTartoz\u00e1skezel\u00e9s<\/p>\n","protected":false},"excerpt":{"rendered":"<p>Vagyis a GYakran Ism\u00e9telt K\u00e9rd\u00e9sek, amelyek a tulajdonosok, \u00e9rdekl\u0151d\u0151k ki- \u00e9s bek\u00f6lt\u00f6z\u0151k, esetleg t\u00e1rsash\u00e1z k\u00f6z\u00f6ss\u00e9gekben \u00e9l\u0151k sz\u00e1m\u00e1ra ny\u00fajtanak eligazod\u00e1st a k\u00f6z\u00f6ss\u00e9gek \u00e9let\u00e9vel kapcsolatosan. A k\u00e9rd\u00e9seket \u00e9s v\u00e1laszokat tematikus, azon bel\u00fcl pedig ABC sorrendben \u00e1ll\u00edtottuk \u00f6ssze. Fontos, hogy a napi munka &hellip; <a href=\"https:\/\/demo.okis.hu\/?page_id=136\">Egy kattint\u00e1s ide a folytat\u00e1shoz&#8230;. <span class=\"meta-nav\">&rarr;<\/span><\/a><\/p>\n","protected":false},"author":1,"featured_media":0,"parent":0,"menu_order":20,"comment_status":"closed","ping_status":"closed","template":"","meta":{"footnotes":""},"class_list":["post-136","page","type-page","status-publish","hentry"],"_links":{"self":[{"href":"https:\/\/demo.okis.hu\/index.php?rest_route=\/wp\/v2\/pages\/136","targetHints":{"allow":["GET"]}}],"collection":[{"href":"https:\/\/demo.okis.hu\/index.php?rest_route=\/wp\/v2\/pages"}],"about":[{"href":"https:\/\/demo.okis.hu\/index.php?rest_route=\/wp\/v2\/types\/page"}],"author":[{"embeddable":true,"href":"https:\/\/demo.okis.hu\/index.php?rest_route=\/wp\/v2\/users\/1"}],"replies":[{"embeddable":true,"href":"https:\/\/demo.okis.hu\/index.php?rest_route=%2Fwp%2Fv2%2Fcomments&post=136"}],"version-history":[{"count":8,"href":"https:\/\/demo.okis.hu\/index.php?rest_route=\/wp\/v2\/pages\/136\/revisions"}],"predecessor-version":[{"id":163,"href":"https:\/\/demo.okis.hu\/index.php?rest_route=\/wp\/v2\/pages\/136\/revisions\/163"}],"wp:attachment":[{"href":"https:\/\/demo.okis.hu\/index.php?rest_route=%2Fwp%2Fv2%2Fmedia&parent=136"}],"curies":[{"name":"wp","href":"https:\/\/api.w.org\/{rel}","templated":true}]}}