{"id":111,"date":"2016-10-24T11:15:50","date_gmt":"2016-10-24T11:15:50","guid":{"rendered":"http:\/\/demo.okis.hu\/?page_id=111"},"modified":"2016-10-24T12:58:01","modified_gmt":"2016-10-24T12:58:01","slug":"garanciavallalas","status":"publish","type":"page","link":"https:\/\/demo.okis.hu\/?page_id=111","title":{"rendered":"Garanciav\u00e1llal\u00e1s"},"content":{"rendered":"<p><img loading=\"lazy\" decoding=\"async\" src=\"https:\/\/demo.okis.hu\/wp-content\/uploads\/2016\/10\/garancia.png\" alt=\"garancia\" width=\"100\" height=\"100\" class=\"alignright size-full wp-image-116\" \/><span style=\"color: #fc0;\"><strong>El\u00e9rhet\u0151s\u00e9gi garancia<\/strong><\/span><\/p>\n<p>Garant\u00e1ljuk, hogy a nap 24 \u00f3r\u00e1j\u00e1ban el\u00e9rhet\u0151ek vagyunk. Munkaid\u0151ben 08-16 \u00f3ra k\u00f6z\u00f6tt h\u00edvjon benn\u00fcnket a +36 (34) 362-324 telefonsz\u00e1mon. Munkaid\u0151n k\u00edv\u00fcl ugyan ezen a sz\u00e1mon \u00fczenetr\u00f6gz\u00edt\u0151 telefonon hagyhat sz\u00e1munkra \u00fczenetet. A nap 24 \u00f3r\u00e1j\u00e1ban k\u00fcldhet nek\u00fcnk elektronikus \u00fczenet weboldalunk Hibabejelent\u00e9s men\u00fcpontj\u00e1ban. Vagy l\u00e1togasson meg benn\u00fcnket szem\u00e9lyesen az al\u00e1bbi id\u0151pontokban: kedd, vagy cs\u00fct\u00f6rt\u00f6k 08:00-11:00, illetve 14:00-16:00 \u00f3ra k\u00f6z\u00f6tt.<\/p>\n<p><span style=\"color: #fc0;\"><strong>\u00c1tl\u00e1that\u00f3s\u00e1gi garancia<\/strong><\/span><\/p>\n<p>Garant\u00e1ljuk, hogy karbantart\u00e1si munk\u00e1k elv\u00e9gz\u00e9s\u00e9re csak megb\u00edzhat\u00f3, sz\u00e1mlak\u00e9pes v\u00e1llalkoz\u00e1sokkal m\u0171k\u00f6d\u00fcnk egy\u00fctt. A munk\u00e1kr\u00f3l teljes k\u00f6r\u0171en elsz\u00e1molunk a k\u00f6z\u00f6ss\u00e9gek fel\u00e9, amelyet a k\u00f6z\u00f6ss\u00e9gek sz\u00e1mvizsg\u00e1l\u00f3 bizotts\u00e1g\u00e1nak tagjai b\u00e1rmikor megvizsg\u00e1lhatnak. Beruh\u00e1z\u00e1sok eset\u00e9n a k\u00f6zgy\u0171l\u00e9s \u00e1ltal j\u00f3v\u00e1hagyott munk\u00e1kra z\u00e1rt bor\u00edt\u00e9kos aj\u00e1nlatk\u00e9r\u00e9s\u00e9ket k\u00fcld\u00fcnk ki a meghat\u00e1rozott v\u00e1llalkoz\u00e1sok sz\u00e1m\u00e1ra, amely aj\u00e1nlatokat a sz\u00e1mvizsg\u00e1l\u00f3 bizotts\u00e1gi tagok el\u0151tt bontunk fel az \u00e1rt\u00e1rgyal\u00e1sok megkezd\u00e9se el\u0151tt.<\/p>\n<p><span style=\"color: #fc0;\"><strong>Optimum garancia<\/strong><\/span><\/p>\n<p>Az \u00e1tl\u00e1that\u00f3s\u00e1gi garancia sor\u00e1n m\u00e1r ismertetett felt\u00e9telek kieg\u00e9sz\u00edt\u00e9sek\u00e9nt garant\u00e1ljuk, hogy munk\u00e1nk sor\u00e1n a k\u00f6t\u00f6tts\u00e9gek ellen\u00e9re olyan v\u00e1llalkoz\u00e1sokkal\/szolg\u00e1ltat\u00f3kkal m\u0171k\u00f6d\u00fcnk egy\u00fctt, akik k\u00e9pesek hossz\u00fa t\u00e1von is a legjobb \u00e1r\/\u00e9rt\u00e9k ar\u00e1ny biztos\u00edt\u00e1s\u00e1ra. Partnereink m\u0171k\u00f6d\u00e9s\u00e9re a hossz\u00fa t\u00e1von val\u00f3 gondolkod\u00e1s, a min\u0151s\u00e9gi munkav\u00e9gz\u00e9s jellemz\u0151. Tov\u00e1bb\u00e1 lehet\u0151s\u00e9get biztos\u00edtunk a k\u00f6z\u00f6ss\u00e9gnek arra, hogy megl\u00e9v\u0151 partnereink mell\u00e9 \u00fajabbak javasoljanak egy-egy feladat v\u00e9grehajt\u00e1sa sor\u00e1n, b\u0151v\u00edtve ezzel megl\u00e9v\u0151 partnerk\u00f6r\u00fcnket.<\/p>\n<p><span style=\"color: #fc0;\"><strong>Adatkezel\u00e9si garancia<\/strong><\/span><\/p>\n<p>Garant\u00e1ljuk, hogy az \u00e1ltalunk kezelt anyagokat, hivatalos dokumentumokat a jogszab\u00e1lyok el\u0151\u00edr\u00e1sain t\u00fal is meg\u0151rizz\u00fck, illetve azokb\u00f3l a k\u00f6z\u00f6ss\u00e9g tagjainak k\u00e9r\u00e9s\u00e9re munkanapokon 36-48 \u00f3r\u00e1n bel\u00fcl ak\u00e1r hiteles\u00edtett m\u00e1solatot is biztos\u00edtunk.<\/p>\n","protected":false},"excerpt":{"rendered":"<p>El\u00e9rhet\u0151s\u00e9gi garancia Garant\u00e1ljuk, hogy a nap 24 \u00f3r\u00e1j\u00e1ban el\u00e9rhet\u0151ek vagyunk. Munkaid\u0151ben 08-16 \u00f3ra k\u00f6z\u00f6tt h\u00edvjon benn\u00fcnket a +36 (34) 362-324 telefonsz\u00e1mon. Munkaid\u0151n k\u00edv\u00fcl ugyan ezen a sz\u00e1mon \u00fczenetr\u00f6gz\u00edt\u0151 telefonon hagyhat sz\u00e1munkra \u00fczenetet. A nap 24 \u00f3r\u00e1j\u00e1ban k\u00fcldhet nek\u00fcnk elektronikus \u00fczenet &hellip; <a href=\"https:\/\/demo.okis.hu\/?page_id=111\">Egy kattint\u00e1s ide a folytat\u00e1shoz&#8230;. <span class=\"meta-nav\">&rarr;<\/span><\/a><\/p>\n","protected":false},"author":1,"featured_media":0,"parent":100,"menu_order":50,"comment_status":"closed","ping_status":"closed","template":"","meta":{"footnotes":""},"class_list":["post-111","page","type-page","status-publish","hentry"],"_links":{"self":[{"href":"https:\/\/demo.okis.hu\/index.php?rest_route=\/wp\/v2\/pages\/111","targetHints":{"allow":["GET"]}}],"collection":[{"href":"https:\/\/demo.okis.hu\/index.php?rest_route=\/wp\/v2\/pages"}],"about":[{"href":"https:\/\/demo.okis.hu\/index.php?rest_route=\/wp\/v2\/types\/page"}],"author":[{"embeddable":true,"href":"https:\/\/demo.okis.hu\/index.php?rest_route=\/wp\/v2\/users\/1"}],"replies":[{"embeddable":true,"href":"https:\/\/demo.okis.hu\/index.php?rest_route=%2Fwp%2Fv2%2Fcomments&post=111"}],"version-history":[{"count":6,"href":"https:\/\/demo.okis.hu\/index.php?rest_route=\/wp\/v2\/pages\/111\/revisions"}],"predecessor-version":[{"id":119,"href":"https:\/\/demo.okis.hu\/index.php?rest_route=\/wp\/v2\/pages\/111\/revisions\/119"}],"up":[{"embeddable":true,"href":"https:\/\/demo.okis.hu\/index.php?rest_route=\/wp\/v2\/pages\/100"}],"wp:attachment":[{"href":"https:\/\/demo.okis.hu\/index.php?rest_route=%2Fwp%2Fv2%2Fmedia&parent=111"}],"curies":[{"name":"wp","href":"https:\/\/api.w.org\/{rel}","templated":true}]}}