{"id":109,"date":"2016-10-24T11:15:34","date_gmt":"2016-10-24T11:15:34","guid":{"rendered":"http:\/\/demo.okis.hu\/?page_id=109"},"modified":"2016-10-24T13:34:56","modified_gmt":"2016-10-24T13:34:56","slug":"felelossegbiztositas","status":"publish","type":"page","link":"https:\/\/demo.okis.hu\/?page_id=109","title":{"rendered":"Felel\u0151ss\u00e9gbiztos\u00edt\u00e1s"},"content":{"rendered":"<p><img loading=\"lazy\" decoding=\"async\" src=\"https:\/\/demo.okis.hu\/wp-content\/uploads\/2016\/10\/biztositas.png\" alt=\"biztositas\" width=\"100\" height=\"100\" class=\"alignright size-full wp-image-127\" \/>Munkat\u00e1rsaink feladataikat a legnagyobb odafigyel\u00e9ssel, folyamatos ellen\u0151rz\u00e9s mellett hajtj\u00e1k v\u00e9gre. Az \u00fcgyint\u00e9z\u00e9s sor\u00e1n mindent megtesz\u00fcnk annak \u00e9rdek\u00e9ben, hogy az \u00e1ltalunk kezelt t\u00e1rsash\u00e1z k\u00f6z\u00f6ss\u00e9gekben \u00e9l\u0151k (tulajdonosok, haszon\u00e9lvez\u0151k, b\u00e9rl\u0151k) az \u00e1ltalunk v\u00e9grehajtott feladatok eredm\u00e9nyek\u00e9ppen ne szenvedjenek k\u00e1rokat. Kiemelt figyelmet ford\u00edtunk arra, hogy a t\u00e1rsash\u00e1z k\u00f6z\u00f6ss\u00e9gek hivatalos \u00fcgyeinek kezel\u00e9se sor\u00e1n ne okozzunk olyan kellemetlens\u00e9get, amely csak valamilyen b\u00edrs\u00e1g, esetleg b\u00fcntet\u00e9s megfizet\u00e9s\u00e9vel lehets\u00e9ges.<\/p>\n<p>Ennek ellen\u00e9re el\u0151fordulhat, hogy hivat\u00e1sunk m\u0171vel\u00e9se k\u00f6zben k\u00e1resem\u00e9ny keletkezik. Ilyenkor alapvet\u0151en a gazdas\u00e1gi esem\u00e9nyek nyilv\u00e1ntart\u00e1sa, az elk\u00e9sz\u00edtett bevall\u00e1sokban felt\u00fcntetett adatok megad\u00e1sa, illetve az \u00e1llami szervek sz\u00e1m\u00e1ra t\u00f6rt\u00e9n\u0151 befizet\u00e9sek sor\u00e1n valamilyen probl\u00e9ma jelentkezik.<\/p>\n<p>T\u00e1rsas\u00e1gunk az ilyen esetek elker\u00fcl\u00e9s\u00e9re felel\u0151ss\u00e9gbiztos\u00edt\u00e1s k\u00f6t\u00f6tt a munk\u00e1k sor\u00e1n nem sz\u00e1nd\u00e9kosan okozott k\u00e1rok megt\u00e9r\u00edt\u00e9s\u00e9nek, illetve m\u00e9rs\u00e9kl\u00e9s\u00e9nek kezel\u00e9s\u00e9re. T\u00e1rsas\u00e1gunk a \u2026 biztos\u00edt\u00f3n\u00e1l tev\u00e9kenys\u00e9ge sor\u00e1n okozott k\u00e1rok enyh\u00edt\u00e9s\u00e9re 000.000 Ft-os felel\u0151ss\u00e9gbiztos\u00edt\u00e1ssal rendelkezik.<\/p>\n","protected":false},"excerpt":{"rendered":"<p>Munkat\u00e1rsaink feladataikat a legnagyobb odafigyel\u00e9ssel, folyamatos ellen\u0151rz\u00e9s mellett hajtj\u00e1k v\u00e9gre. Az \u00fcgyint\u00e9z\u00e9s sor\u00e1n mindent megtesz\u00fcnk annak \u00e9rdek\u00e9ben, hogy az \u00e1ltalunk kezelt t\u00e1rsash\u00e1z k\u00f6z\u00f6ss\u00e9gekben \u00e9l\u0151k (tulajdonosok, haszon\u00e9lvez\u0151k, b\u00e9rl\u0151k) az \u00e1ltalunk v\u00e9grehajtott feladatok eredm\u00e9nyek\u00e9ppen ne szenvedjenek k\u00e1rokat. Kiemelt figyelmet ford\u00edtunk arra, hogy &hellip; <a href=\"https:\/\/demo.okis.hu\/?page_id=109\">Egy kattint\u00e1s ide a folytat\u00e1shoz&#8230;. <span class=\"meta-nav\">&rarr;<\/span><\/a><\/p>\n","protected":false},"author":1,"featured_media":0,"parent":100,"menu_order":40,"comment_status":"closed","ping_status":"closed","template":"","meta":{"footnotes":""},"class_list":["post-109","page","type-page","status-publish","hentry"],"_links":{"self":[{"href":"https:\/\/demo.okis.hu\/index.php?rest_route=\/wp\/v2\/pages\/109","targetHints":{"allow":["GET"]}}],"collection":[{"href":"https:\/\/demo.okis.hu\/index.php?rest_route=\/wp\/v2\/pages"}],"about":[{"href":"https:\/\/demo.okis.hu\/index.php?rest_route=\/wp\/v2\/types\/page"}],"author":[{"embeddable":true,"href":"https:\/\/demo.okis.hu\/index.php?rest_route=\/wp\/v2\/users\/1"}],"replies":[{"embeddable":true,"href":"https:\/\/demo.okis.hu\/index.php?rest_route=%2Fwp%2Fv2%2Fcomments&post=109"}],"version-history":[{"count":4,"href":"https:\/\/demo.okis.hu\/index.php?rest_route=\/wp\/v2\/pages\/109\/revisions"}],"predecessor-version":[{"id":129,"href":"https:\/\/demo.okis.hu\/index.php?rest_route=\/wp\/v2\/pages\/109\/revisions\/129"}],"up":[{"embeddable":true,"href":"https:\/\/demo.okis.hu\/index.php?rest_route=\/wp\/v2\/pages\/100"}],"wp:attachment":[{"href":"https:\/\/demo.okis.hu\/index.php?rest_route=%2Fwp%2Fv2%2Fmedia&parent=109"}],"curies":[{"name":"wp","href":"https:\/\/api.w.org\/{rel}","templated":true}]}}