{"id":104,"date":"2016-10-24T11:13:57","date_gmt":"2016-10-24T11:13:57","guid":{"rendered":"http:\/\/demo.okis.hu\/?page_id=104"},"modified":"2018-12-13T14:58:04","modified_gmt":"2018-12-13T14:58:04","slug":"munkatarsaink","status":"publish","type":"page","link":"https:\/\/demo.okis.hu\/?page_id=104","title":{"rendered":"Munkat\u00e1rsaink"},"content":{"rendered":"<p>Az AzorCOMP Plusz Bet\u00e9ti t\u00e1rsas\u00e1g jogel\u0151d v\u00e1llalkoz\u00e1sa az AzorCOMP Korl\u00e1tolt felel\u0151ss\u00e9g\u0171 t\u00e1rsas\u00e1g, amely 2015 \u00f3ta folytat t\u00e1rsash\u00e1z kezel\u00e9si tev\u00e9kenys\u00e9get Oroszl\u00e1nyon. A v\u00e1llalkoz\u00e1s alap\u00edt\u00f3i 1992 \u00e9s 2009 \u00f3ta m\u0171k\u00f6dtetik egy\u00e9ni v\u00e1llalkoz\u00e1saikat. Az AzorCOMP egy csal\u00e1di v\u00e1llalkoz\u00e1s. Az oldalon bemutatjuk a v\u00e1llalkoz\u00e1st m\u0171k\u00f6dtet\u0151 munkat\u00e1rsainkat:<\/p>\n<p><img loading=\"lazy\" decoding=\"async\" src=\"https:\/\/demo.okis.hu\/wp-content\/uploads\/2016\/10\/user-w.png\" alt=\"user-w\" width=\"160\" height=\"240\" class=\"alignright size-full wp-image-123\" \/><span style=\"color: #fc0;\"><strong>S\u00d3LYOM Vikt\u00f3ria<\/strong><\/span><br \/>\n<em>\u00fcgyvezet\u0151<\/em><\/p>\n<p>V\u00e9gzetts\u00e9gek<br \/>\n\u2013 2015: Had- \u00e9s biztons\u00e1gtechnika m\u00e9rn\u00f6k (MsC)<br \/>\n\u2013 2015: Ingatlankezel\u0151<br \/>\nFeladatk\u00f6r\u00f6k<br \/>\n\u2013 lak\u00f3nyilv\u00e1ntart\u00e1sok kezel\u00e9se<br \/>\n\u2013 k\u00f6z\u00f6s-k\u00f6lts\u00e9g elsz\u00e1mol\u00e1sok nyilv\u00e1ntart\u00e1sa<br \/>\n\u2013 tartoz\u00e1skezel\u00e9s<br \/>\n\u2013 iroda\u00fcgyviteli feladatok<\/p>\n<p><img loading=\"lazy\" decoding=\"async\" src=\"https:\/\/demo.okis.hu\/wp-content\/uploads\/2016\/10\/user-w.png\" alt=\"user-w\" width=\"160\" height=\"240\" class=\"alignright size-full wp-image-123\" \/><span style=\"color: #fc0;\"><strong>S\u00d3LYOMN\u00c9 J\u00e1r\u00f3ka M\u00e1ria<\/strong><\/span><br \/>\n<em>\u00fcgyvezet\u0151, gazdas\u00e1gi vezet\u0151<\/em><br \/>\negy\u00e9ni v\u00e1llalkoz\u00f3<\/p>\n<p>V\u00e9gzetts\u00e9gek<br \/>\n\u2013 20..: Ingatlankezel\u0151<br \/>\n\u2013 20..: M\u00e9rlegk\u00e9pes k\u00f6nyvel\u0151<br \/>\n\u2013 19..: K\u00f6nyvel\u0151 \u00e9s p\u00e9nz\u00fcgyi \u00fcgyint\u00e9z\u0151<br \/>\nFeladatk\u00f6r\u00f6k<br \/>\n\u2013 sz\u00e1mviteli \u00e9s p\u00e9nz\u00fcgyi feladatok<br \/>\n\u2013 b\u00e9relsz\u00e1mol\u00e1si feladatok<br \/>\n\u2013 v\u00e9grehajt\u00e1skezel\u00e9s<br \/>\nV\u00e1llalkoz\u00f3i ad\u00f3sz\u00e1m: 000 000 00 \u2013 0 \u2013 00<\/p>\n<p><img loading=\"lazy\" decoding=\"async\" src=\"https:\/\/demo.okis.hu\/wp-content\/uploads\/2016\/10\/user-m.png\" alt=\"user-m\" width=\"156\" height=\"236\" class=\"alignright size-full wp-image-124\" \/><span style=\"color: #fc0;\"><strong>S\u00d3LYOM J\u00f6ran<\/strong><\/span><br \/>\n<em>\u00fcgyvezet\u0151, m\u0171szaki vezet\u0151<\/em><br \/>\negy\u00e9ni v\u00e1llalkoz\u00f3<\/p>\n<p>V\u00e9gzetts\u00e9gek<br \/>\n\u2013 2009: k\u00f6zoktat\u00e1svezet\u0151 \u00e9s szakvizsg\u00e1zott pedag\u00f3gus<br \/>\n\u2013 1997: k\u00f6zgazdas\u00e1gi szakokleveles m\u00e9rn\u00f6k<br \/>\n\u2013 1987: g\u00e9p\u00e9sz m\u0171szaki tan\u00e1r<br \/>\n\u2013 1987: \u00e1ltal\u00e1nos g\u00e9p\u00e9sz \u00fczemm\u00e9rn\u00f6k<br \/>\nFeladatk\u00f6r\u00f6k<br \/>\n\u2013 m\u0171szaki feladatok<br \/>\n\u2013 kommunik\u00e1ci\u00f3s feladatok<br \/>\n\u2013 informatikai feladatok<br \/>\nV\u00e1llalkoz\u00f3i ad\u00f3sz\u00e1m: 000 000 00 \u2013 0 \u2013 00<\/p>\n","protected":false},"excerpt":{"rendered":"<p>Az AzorCOMP Plusz Bet\u00e9ti t\u00e1rsas\u00e1g jogel\u0151d v\u00e1llalkoz\u00e1sa az AzorCOMP Korl\u00e1tolt felel\u0151ss\u00e9g\u0171 t\u00e1rsas\u00e1g, amely 2015 \u00f3ta folytat t\u00e1rsash\u00e1z kezel\u00e9si tev\u00e9kenys\u00e9get Oroszl\u00e1nyon. A v\u00e1llalkoz\u00e1s alap\u00edt\u00f3i 1992 \u00e9s 2009 \u00f3ta m\u0171k\u00f6dtetik egy\u00e9ni v\u00e1llalkoz\u00e1saikat. Az AzorCOMP egy csal\u00e1di v\u00e1llalkoz\u00e1s. Az oldalon bemutatjuk a v\u00e1llalkoz\u00e1st &hellip; <a href=\"https:\/\/demo.okis.hu\/?page_id=104\">Egy kattint\u00e1s ide a folytat\u00e1shoz&#8230;. <span class=\"meta-nav\">&rarr;<\/span><\/a><\/p>\n","protected":false},"author":1,"featured_media":0,"parent":100,"menu_order":20,"comment_status":"closed","ping_status":"closed","template":"","meta":{"footnotes":""},"class_list":["post-104","page","type-page","status-publish","hentry"],"_links":{"self":[{"href":"https:\/\/demo.okis.hu\/index.php?rest_route=\/wp\/v2\/pages\/104","targetHints":{"allow":["GET"]}}],"collection":[{"href":"https:\/\/demo.okis.hu\/index.php?rest_route=\/wp\/v2\/pages"}],"about":[{"href":"https:\/\/demo.okis.hu\/index.php?rest_route=\/wp\/v2\/types\/page"}],"author":[{"embeddable":true,"href":"https:\/\/demo.okis.hu\/index.php?rest_route=\/wp\/v2\/users\/1"}],"replies":[{"embeddable":true,"href":"https:\/\/demo.okis.hu\/index.php?rest_route=%2Fwp%2Fv2%2Fcomments&post=104"}],"version-history":[{"count":5,"href":"https:\/\/demo.okis.hu\/index.php?rest_route=\/wp\/v2\/pages\/104\/revisions"}],"predecessor-version":[{"id":252,"href":"https:\/\/demo.okis.hu\/index.php?rest_route=\/wp\/v2\/pages\/104\/revisions\/252"}],"up":[{"embeddable":true,"href":"https:\/\/demo.okis.hu\/index.php?rest_route=\/wp\/v2\/pages\/100"}],"wp:attachment":[{"href":"https:\/\/demo.okis.hu\/index.php?rest_route=%2Fwp%2Fv2%2Fmedia&parent=104"}],"curies":[{"name":"wp","href":"https:\/\/api.w.org\/{rel}","templated":true}]}}