{"id":102,"date":"2016-10-24T11:13:40","date_gmt":"2016-10-24T11:13:40","guid":{"rendered":"http:\/\/demo.okis.hu\/?page_id=102"},"modified":"2016-10-24T12:59:52","modified_gmt":"2016-10-24T12:59:52","slug":"megunkrol","status":"publish","type":"page","link":"https:\/\/demo.okis.hu\/?page_id=102","title":{"rendered":"Magunkr\u00f3l"},"content":{"rendered":"<p>V\u00e1llalkoz\u00e1sunk 2009-ben indult egy lak\u00f3ingatlan-kezel\u00e9ssel foglalkoz\u00f3 mag\u00e1nv\u00e1llalkoz\u00e1s form\u00e1j\u00e1ban. 2012-t\u0151l, a n\u00f6vekv\u0151 \u00fcgyf\u00e9lk\u00f6r hat\u00e9konyabb kezelhet\u0151s\u00e9ge miatt t\u00e1rsas\u00e1gi v\u00e1llalkoz\u00e1si form\u00e1t v\u00e1lasztottunk, \u00e9s AzorCOMP Kft. n\u00e9ven folytattuk tov\u00e1bb tev\u00e9kenys\u00e9g\u00fcnket. A t\u00e1rsas\u00e1gi t\u00f6rv\u00e9nyek \u2013 sz\u00e1munkra kedvez\u0151tlen \u2013 v\u00e1ltoz\u00e1sa miatt 2015-t\u0151l v\u00e1llalkoz\u00e1sunkat bet\u00e9ti t\u00e1rsas\u00e1g form\u00e1ban m\u0171k\u00f6dtetj\u00fck tov\u00e1bb. Jelenleg AzorCOMP Plusz Bt. n\u00e9ven tev\u00e9kenyked\u00fcnk az lak\u00f3ingatlan-kezel\u00e9s, az informatika, az oktat\u00e1s \u00e9s a gazdas\u00e1gi szolg\u00e1ltat\u00e1sok ter\u00fclet\u00e9n. V\u00e1llalkoz\u00e1sunk csal\u00e1di v\u00e1llalkoz\u00e1s, amelynek cs\u00facsa a bet\u00e9ti t\u00e1rsas\u00e1g, alapjai pedig egy 1992-ben indult informatikai \u00e9s oktat\u00e1si, valamint egy 2009-ben indult ingatlankezel\u0151 mag\u00e1nv\u00e1llalkoz\u00e1s.<\/p>\n<p>Szakembereink t\u00f6bb diplom\u00e1val \u00e9s fels\u0151fok\u00fa szakvizsg\u00e1val rendelkez\u0151 szakemberek, akik komoly szak\u00e9rtelemmel rendelkeznek az informatika, az oktat\u00e1s, a k\u00f6zgazdas\u00e1g, a lak\u00f3ingatlan-kezel\u00e9s \u00e9s a szem\u00e9ly- \u00e9s vagyonv\u00e9delem ter\u00fclet\u00e9n. Munkat\u00e1rsaink k\u00e9tharmada munkatapasztalatait a t\u00e9rs\u00e9g nagy foglalkoztat\u00f3in\u00e1l szerezte, \u00edgy dolgoztak a sz\u00e9nb\u00e1ny\u00e1szat, a villamos- \u00e9s h\u0151energetika ter\u00fclet\u00e9n, valamint az eg\u00e9szs\u00e9g\u00fcgyben, illetve az aut\u00f3 ipari g\u00e9pgy\u00e1rt\u00e1sban. Ezen id\u0151 alatt sok lehet\u0151s\u00e9g\u00fck volt arra, hogy megismerj\u00e9k a k\u00fcl\u00f6nb\u00f6z\u0151 tev\u00e9kenys\u00e9gekhez kapcsol\u00f3d\u00f3 gazdas\u00e1gi- \u00e9s informatikai folyamatokat, illetve r\u00e9szt vehessenek azok hat\u00e9kony m\u0171k\u00f6dtet\u00e9s\u00e9ben.<\/p>\n<p>A 2000-es \u00e9vek elej\u00e9n j\u00f6tt a gondolat, hogy \u2013 a vil\u00e1g \u00e1ramlatait alapul v\u00e9ve \u2013 a szem\u00e9lyes szolg\u00e1ltat\u00e1sok ter\u00fclet\u00e9n kellene valamilyen v\u00e1llalkoz\u00e1st ind\u00edtani. Els\u0151 l\u00e9p\u00e9sk\u00e9nt az Internethez \u00e9s az informatik\u00e1hoz kapcsol\u00f3d\u00f3 oktat\u00e1si \u00e9s szolg\u00e1ltat\u00e1si tev\u00e9kenys\u00e9get kezdt\u00fck meg 2000-ben egy mag\u00e1nv\u00e1llalkoz\u00e1s form\u00e1j\u00e1ban. Ezt k\u00f6vette 2009-t\u0151l a lak\u00f3k\u00f6z\u00f6ss\u00e9gek sz\u00e1m\u00e1ra ny\u00fajtott lak\u00f3ingatlanok kezel\u00e9si szolg\u00e1ltat\u00e1sa szint\u00e9n mag\u00e1nv\u00e1llalkoz\u00e1si keretek k\u00f6z\u00f6tt. 2015-t\u0151l tervezt\u00fck a szolg\u00e1ltat\u00e1sok k\u00f6z\u00f6s v\u00e1llalkoz\u00e1sba szervez\u00e9s\u00e9t az alapok megtart\u00e1sa mellett. \u00cdgy 2016 szeptember\u00e9t\u0151l kialakult az a m\u0171k\u00f6d\u00e9si forma, amely t\u00f6bb sz\u00e1z el\u00e9gedett \u00fcgyf\u00e9l \u00e9s partner sz\u00e1m\u00e1ra biztos\u00edt hat\u00e9kony k\u00f6rnyezetet a jelentkez\u0151 ig\u00e9nyek kiszolg\u00e1l\u00e1s\u00e1ra.<\/p>\n<p>Rem\u00e9lj\u00fck, hogy a k\u00f6zelj\u00f6v\u0151ben \u00d6nt is \u00fcgyfeleink, vagy partnereink k\u00f6z\u00f6tt \u00fcdv\u00f6z\u00f6lhetj\u00fck!<\/p>\n<p>Az AzorCOMP Plusz Bt. munkat\u00e1rsai:<\/p>\n<p>S\u00f3lyomn\u00e9 J\u00e1r\u00f3ka M\u00e1ria<br \/>\nS\u00f3lyom Vikt\u00f3ria<br \/>\nS\u00f3lyom J\u00f6ran<\/p>\n","protected":false},"excerpt":{"rendered":"<p>V\u00e1llalkoz\u00e1sunk 2009-ben indult egy lak\u00f3ingatlan-kezel\u00e9ssel foglalkoz\u00f3 mag\u00e1nv\u00e1llalkoz\u00e1s form\u00e1j\u00e1ban. 2012-t\u0151l, a n\u00f6vekv\u0151 \u00fcgyf\u00e9lk\u00f6r hat\u00e9konyabb kezelhet\u0151s\u00e9ge miatt t\u00e1rsas\u00e1gi v\u00e1llalkoz\u00e1si form\u00e1t v\u00e1lasztottunk, \u00e9s AzorCOMP Kft. n\u00e9ven folytattuk tov\u00e1bb tev\u00e9kenys\u00e9g\u00fcnket. A t\u00e1rsas\u00e1gi t\u00f6rv\u00e9nyek \u2013 sz\u00e1munkra kedvez\u0151tlen \u2013 v\u00e1ltoz\u00e1sa miatt 2015-t\u0151l v\u00e1llalkoz\u00e1sunkat bet\u00e9ti t\u00e1rsas\u00e1g form\u00e1ban &hellip; <a href=\"https:\/\/demo.okis.hu\/?page_id=102\">Egy kattint\u00e1s ide a folytat\u00e1shoz&#8230;. <span class=\"meta-nav\">&rarr;<\/span><\/a><\/p>\n","protected":false},"author":1,"featured_media":0,"parent":100,"menu_order":10,"comment_status":"closed","ping_status":"closed","template":"","meta":{"footnotes":""},"class_list":["post-102","page","type-page","status-publish","hentry"],"_links":{"self":[{"href":"https:\/\/demo.okis.hu\/index.php?rest_route=\/wp\/v2\/pages\/102","targetHints":{"allow":["GET"]}}],"collection":[{"href":"https:\/\/demo.okis.hu\/index.php?rest_route=\/wp\/v2\/pages"}],"about":[{"href":"https:\/\/demo.okis.hu\/index.php?rest_route=\/wp\/v2\/types\/page"}],"author":[{"embeddable":true,"href":"https:\/\/demo.okis.hu\/index.php?rest_route=\/wp\/v2\/users\/1"}],"replies":[{"embeddable":true,"href":"https:\/\/demo.okis.hu\/index.php?rest_route=%2Fwp%2Fv2%2Fcomments&post=102"}],"version-history":[{"count":3,"href":"https:\/\/demo.okis.hu\/index.php?rest_route=\/wp\/v2\/pages\/102\/revisions"}],"predecessor-version":[{"id":120,"href":"https:\/\/demo.okis.hu\/index.php?rest_route=\/wp\/v2\/pages\/102\/revisions\/120"}],"up":[{"embeddable":true,"href":"https:\/\/demo.okis.hu\/index.php?rest_route=\/wp\/v2\/pages\/100"}],"wp:attachment":[{"href":"https:\/\/demo.okis.hu\/index.php?rest_route=%2Fwp%2Fv2%2Fmedia&parent=102"}],"curies":[{"name":"wp","href":"https:\/\/api.w.org\/{rel}","templated":true}]}}