{"id":100,"date":"2016-10-24T11:13:17","date_gmt":"2016-10-24T11:13:17","guid":{"rendered":"http:\/\/demo.okis.hu\/?page_id=100"},"modified":"2018-08-03T09:01:51","modified_gmt":"2018-08-03T09:01:51","slug":"bemutatkozas","status":"publish","type":"page","link":"https:\/\/demo.okis.hu\/?page_id=100","title":{"rendered":"Bemutatkoz\u00e1s"},"content":{"rendered":"<p>V\u00e1llalkoz\u00e1sunk csal\u00e1di v\u00e1llalkoz\u00e1s, amelynek egyes szolg\u00e1ltat\u00e1sai m\u00e1r 1992 \u00f3ta m\u0171k\u00f6dnek. Munkat\u00e1rsaink t\u00f6bb diplom\u00e1s, illetve fels\u0151fok\u00fa szakmai k\u00e9pes\u00edt\u00e9ssel rendelkez\u0151 szakemberek, akik a gazdas\u00e1gi \u00e9s m\u0171szaki ter\u00fcleteken, az emberekkel val\u00f3 k\u00fcl\u00f6nb\u00f6z\u0151 form\u00e1j\u00fa kommunik\u00e1ci\u00f3ban, valamint a jogszab\u00e1lyok vil\u00e1g\u00e1ban rendelkeznek komoly ismeretekkel. A v\u00e1rosban a legmagasabb informatikai ismeretekkel \u00e9s gyakorlattal rendelkez\u0151 t\u00e1rsash\u00e1z-kezel\u0151k vagyunk, amelyet mindennapi munk\u00e1k sor\u00e1n sz\u00e9les k\u00f6rben alkalmazunk is. Kiterjedt kapcsolatokkal rendelkez\u00fcnk a szakipari munk\u00e1k v\u00e9grehajt\u00e1s\u00e1t biztos\u00edt\u00f3 helyi \u00e9s t\u00e9rs\u00e9gi, illetve megyei szinten tev\u00e9kenyked\u0151 v\u00e1llalkoz\u00e1sokkal. Amennyiben r\u00e9szletesebben is meg szeretne vel\u00fcnk ismerkedni, k\u00e9rj\u00fck n\u00e9zze \u00e1t az al\u00e1bbi men\u00fcpontokban megtal\u00e1lhat\u00f3 inform\u00e1ci\u00f3kat.<\/p>\n<ul>\n<li><a href=\"https:\/\/demo.okis.hu\/?page_id=102\">Magunkr\u00f3l<\/a><\/li>\n<li><a href=\"https:\/\/demo.okis.hu\/?page_id=104\">Munkat\u00e1rsaink<\/a><\/li>\n<li><a href=\"https:\/\/demo.okis.hu\/?page_id=107\">Referenci\u00e1ink<\/a><\/li>\n<li><a href=\"https:\/\/demo.okis.hu\/?page_id=109\">Felel\u0151ss\u00e9gbiztos\u00edt\u00e1s<\/a><\/li>\n<li><a href=\"https:\/\/demo.okis.hu\/?page_id=111\">Garanciav\u00e1llal\u00e1s<\/a><\/li>\n<\/ul>\n","protected":false},"excerpt":{"rendered":"<p>V\u00e1llalkoz\u00e1sunk csal\u00e1di v\u00e1llalkoz\u00e1s, amelynek egyes szolg\u00e1ltat\u00e1sai m\u00e1r 1992 \u00f3ta m\u0171k\u00f6dnek. Munkat\u00e1rsaink t\u00f6bb diplom\u00e1s, illetve fels\u0151fok\u00fa szakmai k\u00e9pes\u00edt\u00e9ssel rendelkez\u0151 szakemberek, akik a gazdas\u00e1gi \u00e9s m\u0171szaki ter\u00fcleteken, az emberekkel val\u00f3 k\u00fcl\u00f6nb\u00f6z\u0151 form\u00e1j\u00fa kommunik\u00e1ci\u00f3ban, valamint a jogszab\u00e1lyok vil\u00e1g\u00e1ban rendelkeznek komoly ismeretekkel. A v\u00e1rosban &hellip; <a href=\"https:\/\/demo.okis.hu\/?page_id=100\">Egy kattint\u00e1s ide a folytat\u00e1shoz&#8230;. <span class=\"meta-nav\">&rarr;<\/span><\/a><\/p>\n","protected":false},"author":1,"featured_media":0,"parent":0,"menu_order":10,"comment_status":"closed","ping_status":"closed","template":"","meta":{"footnotes":""},"class_list":["post-100","page","type-page","status-publish","hentry"],"_links":{"self":[{"href":"https:\/\/demo.okis.hu\/index.php?rest_route=\/wp\/v2\/pages\/100","targetHints":{"allow":["GET"]}}],"collection":[{"href":"https:\/\/demo.okis.hu\/index.php?rest_route=\/wp\/v2\/pages"}],"about":[{"href":"https:\/\/demo.okis.hu\/index.php?rest_route=\/wp\/v2\/types\/page"}],"author":[{"embeddable":true,"href":"https:\/\/demo.okis.hu\/index.php?rest_route=\/wp\/v2\/users\/1"}],"replies":[{"embeddable":true,"href":"https:\/\/demo.okis.hu\/index.php?rest_route=%2Fwp%2Fv2%2Fcomments&post=100"}],"version-history":[{"count":3,"href":"https:\/\/demo.okis.hu\/index.php?rest_route=\/wp\/v2\/pages\/100\/revisions"}],"predecessor-version":[{"id":135,"href":"https:\/\/demo.okis.hu\/index.php?rest_route=\/wp\/v2\/pages\/100\/revisions\/135"}],"wp:attachment":[{"href":"https:\/\/demo.okis.hu\/index.php?rest_route=%2Fwp%2Fv2%2Fmedia&parent=100"}],"curies":[{"name":"wp","href":"https:\/\/api.w.org\/{rel}","templated":true}]}}